{"id":42,"date":"2024-10-06T19:27:03","date_gmt":"2024-10-06T19:27:03","guid":{"rendered":"https:\/\/hollyshaw-slp.ca\/?page_id=42"},"modified":"2025-06-08T18:25:03","modified_gmt":"2025-06-08T18:25:03","slug":"fees","status":"publish","type":"page","link":"https:\/\/hollyshaw-slp.ca\/?page_id=42","title":{"rendered":"Tarifs &#8211; Fees"},"content":{"rendered":"\n<p>English below<\/p>\n\n\n\n<p>Les services d&#8217;orthophonie commencent g\u00e9n\u00e9ralement par une&nbsp;<strong>\u00e9valuation<\/strong>&nbsp;(de 1 \u00e0 4 s\u00e9ances). Le processus d&#8217;\u00e9valuation comprend 1. la collecte d&#8217;informations de base sur les forces et les faiblesses de votre enfant en ce qui concerne la communication dans des situations quotidiennes (par exemple, \u00e0 la maison, \u00e0 la garderie ou \u00e0 l&#8217;\u00e9cole) 2. la comparaison des comp\u00e9tences de votre enfant en rapport avec celles d&#8217;autres enfants de la m\u00eame tranche d&#8217;\u00e2ge. Les informations issues de l&#8217;\u00e9valuation sont ensuite utilis\u00e9es pour d\u00e9terminer si une th\u00e9rapie est n\u00e9cessaire. Ensuite, une r\u00e9union parents\/tuteurs a lieu avec la th\u00e9rapeute pour expliquer le rapport d&#8217;\u00e9valuation et les recommandations et, si une th\u00e9rapie est indiqu\u00e9e, pour cr\u00e9er un plan d&#8217;intervention.<\/p>\n\n\n\n<p>La <strong>th\u00e9rapie<\/strong> porte sur des domaines tels que la communication pr\u00e9coce, les sons de la parole, la compr\u00e9hension et l&#8217;expression du langage (vocabulaire, construction de phrases, grammaire), apprendre \u00e0 lire et \u00e0 \u00e9crire, la communication sociale et l&#8217;absence de b\u00e9gaiement. La th\u00e9rapeute apporte un soutien direct \u00e0 l&#8217;enfant et propose des suggestions d&#8217;exercices \u00e0 la maison pour le parent ou le tuteur.<\/p>\n\n\n\n<p class=\"has-vivid-cyan-blue-color has-text-color has-link-color wp-elements-4c3fd2b3c257b0b096fc17b98414c8a9\"><strong>A) \u00c9valuation et honoraires de la premi\u00e8re s\u00e9ance<\/strong><\/p>\n\n\n\n<p>Le&nbsp;<strong>processus d&#8217;\u00e9valuation<\/strong>&nbsp;avec la th\u00e9rapeute comprend :<\/p>\n\n\n\n<ol style=\"list-style-type:lower-alpha\" class=\"wp-block-list\">\n<li>l&#8217;examen des ant\u00e9c\u00e9dents<\/li>\n\n\n\n<li>une \u00e9valuation orthophonique en personne<\/li>\n\n\n\n<li>un premier contact possible avec les partenaires actuels (ex. garderie\/\u00e9cole\/r\u00e9seau de soins de sant\u00e9)<\/li>\n\n\n\n<li>rapport d&#8217;\u00e9valuation<\/li>\n\n\n\n<li>r\u00e9union de feedback sur le rapport<\/li>\n\n\n\n<li>plan d&#8217;intervention (si une th\u00e9rapie est n\u00e9cessaire)<\/li>\n<\/ol>\n\n\n\n<p>Si un rapport d&#8217;\u00e9valuation r\u00e9cent, qui refl\u00e8te avec pr\u00e9cision les besoins de votre enfant en mati\u00e8re d&#8217;orthophonie, est fourni, le processus d&#8217;\u00e9valuation sera remplac\u00e9 par une&nbsp;<strong>premi\u00e8re s\u00e9ance de planification des objectifs<\/strong>, qui comprendra les \u00e9l\u00e9ments suivants :<\/p>\n\n\n\n<ol style=\"list-style-type:lower-alpha\" class=\"wp-block-list\">\n<li>l&#8217;examen de l&#8217;historique du cas et du rapport d&#8217;\u00e9valuation<\/li>\n\n\n\n<li>une s\u00e9ance de planification des objectifs en personne<\/li>\n\n\n\n<li>un premier contact possible avec les partenaires actuels (par exemple, la garderie, l&#8217;\u00e9cole ou le r\u00e9seau de soins de sant\u00e9).<\/li>\n\n\n\n<li>plan d&#8217;intervention<\/li>\n<\/ol>\n\n\n\n<p>Chaque s\u00e9ance d&#8217;\u00e9valuation en personne ou la premi\u00e8re s\u00e9ance de planification des objectifs sera factur\u00e9e au tarif de <strong>315$ par s\u00e9ance<\/strong>. (Les frais de d\u00e9placement forfaitaires de 30 $ sont d\u00e9j\u00e0 inclus dans les honoraires).<\/p>\n\n\n\n<p>*Les s\u00e9ances durent&nbsp;<strong>60 minutes<\/strong>, les 10 derni\u00e8res minutes \u00e9tant consacr\u00e9es \u00e0 l&#8217;examen de la s\u00e9ance, aux r\u00e9ponses aux questions et aux discussions administratives (telles que l&#8217;\u00e9tablissement du calendrier).&nbsp;<\/p>\n\n\n\n<p class=\"has-vivid-cyan-blue-color has-text-color has-link-color wp-elements-1fa14926e9e8149a5882862420ed5ec7\"><strong>B) Frais de th\u00e9rapie<\/strong><\/p>\n\n\n\n<p>Les s\u00e9ances de th\u00e9rapie comprennent la planification des le\u00e7ons, le soutien direct \u00e0 votre enfant et le retour d&#8217;information\/la formation au parent\/tuteur.<\/p>\n\n\n\n<p>Chaque&nbsp;<strong>s\u00e9ance en personne<\/strong>&nbsp;sera factur\u00e9e au tarif de&nbsp;<strong>180 $\/s\u00e9ance<\/strong>. (Les frais de d\u00e9placement forfaitaires de 30 $ sont d\u00e9j\u00e0 inclus dans les honoraires).<\/p>\n\n\n\n<p>Chaque&nbsp;<strong>session virtuelle<\/strong>&nbsp;sera factur\u00e9e au tarif de&nbsp;<strong>150 $\/session<\/strong>.<\/p>\n\n\n\n<p>*Les sessions durent&nbsp;<strong>60 minutes<\/strong>, les 10 derni\u00e8res minutes de la session \u00e9tant consacr\u00e9es \u00e0 la r\u00e9vision de la session, \u00e0 des suggestions de pratique \u00e0 domicile, \u00e0 des r\u00e9ponses aux questions et \u00e0 des discussions administratives (telles que la prise des rendez-vous).&nbsp;<\/p>\n\n\n\n<p class=\"has-vivid-cyan-blue-color has-text-color has-link-color wp-elements-67bbd1598c6340f217f45b882f1890ec\"><strong>C)<\/strong>&nbsp;<strong>Frais de d\u00e9placement<\/strong><\/p>\n\n\n\n<p>Le tarif fixe (30 $) couvre les r\u00e9gions du Qu\u00e9bec situ\u00e9es \u00e0 moins de 30 minutes de trajet, ce qui comprend g\u00e9n\u00e9ralement Aylmer, Hull, Chelsea, Wakefield, Masham, Cantley et certaines parties de Gatineau. Un trajet plus long peut \u00eatre envisag\u00e9 avec des frais suppl\u00e9mentaires.<\/p>\n\n\n\n<p>*** Les frais sont sujets \u00e0 changement le 1er septembre de chaque ann\u00e9e.<\/p>\n\n\n\n<p>&#8212;&#8212;&#8212;&#8212;&#8212;&#8212;&#8212;&#8212;&#8212;&#8212;&#8212;&#8212;&#8212;&#8212;&#8212;&#8212;&#8212;&#8212;<s style=\"caret-color: rgb(0, 0, 0); color: rgb(0, 0, 0); white-space: normal;\"><\/s><\/p>\n\n\n\n<p>Speech-language pathology services typically begin with an <strong>assessment<\/strong> (ranging from 1-4 sessions). The assessment process involves 1. collecting baseline information about your child\u2019s communication strengths and weaknesses in everyday situations (e.g.&nbsp;home\/daycare\/school) 2. comparing your child&#8217;s communication skills to other children in the same age range. The assessment information is then used to determine if therapy is needed. Next, a parent\/guardian meeting occurs with the Therapist to explain the assessment report\/recommendations and, if therapy is indicated, to create an intervention plan.<\/p>\n\n\n\n<p><strong>Therapy<\/strong> is provided in areas such as early communication, speech sounds, understanding\/expression of language (e.g.&nbsp;vocabulary, sentence construction, grammar), early literacy, social communication, and stutter-free speech. The Therapist provides direct support for your child and models home practice suggestions for the parent\/guardian.<\/p>\n\n\n\n<p class=\"has-vivid-cyan-blue-color has-text-color has-link-color wp-elements-8a37f51bf9db6dbb7b5335e54ffabf2f\"><strong>A) Assessment and First Session Fees<\/strong><\/p>\n\n\n\n<p>The <strong>assessment process<\/strong>&nbsp;with the Therapist&nbsp;includes:<\/p>\n\n\n\n<ol style=\"list-style-type:lower-alpha\" class=\"wp-block-list\">\n<li>case history review<\/li>\n\n\n\n<li>in-person speech-language pathology assessment<\/li>\n\n\n\n<li>possible initial contact with current partners (e.g.&nbsp;&nbsp;daycare\/school\/healthcare network)<\/li>\n\n\n\n<li>assessment report<\/li>\n\n\n\n<li>report feedback meeting<\/li>\n\n\n\n<li>intervention plan (if therapy needed)<\/li>\n<\/ol>\n\n\n\n<p>If&nbsp;a recent assessment report, which accurately reflects your child\u2019s speech and language needs is provided, then the assessment process will be replaced with a&nbsp;<strong>First Session-Goal Planning session<\/strong>&nbsp;which includes:<\/p>\n\n\n\n<ol style=\"list-style-type:lower-alpha\" class=\"wp-block-list\">\n<li>case history and assessment report review<\/li>\n\n\n\n<li>one in-person goal planning session<\/li>\n\n\n\n<li>possible initial contact with current partners (e.g.&nbsp;&nbsp;daycare\/school\/healthcare network)<\/li>\n\n\n\n<li>intervention plan<\/li>\n<\/ol>\n\n\n\n<p>Each in-person&nbsp;Assessment session&nbsp;or the&nbsp;First Session-Goal Planning Session&nbsp;will be billed at a rate of $<strong>315\/session<\/strong>.&nbsp;(Note that a flat travel rate of $30 is already included in the fees.)<\/p>\n\n\n\n<p>*Sessions are&nbsp;<strong>60 minutes<\/strong>, with the last 10 minutes of the session devoted to reviewing the session, answering questions, and administrative discussions (such as scheduling).&nbsp;<\/p>\n\n\n\n<p class=\"has-vivid-cyan-blue-color has-text-color has-link-color wp-elements-d85d7f9098c48f5a888f00793577f4c0\"><strong>B) Therapy Fees<\/strong><\/p>\n\n\n\n<p>Therapy sessions&nbsp;include lesson planning, direct support to your child, and feedback\/training to the parent\/guardian.<\/p>\n\n\n\n<p>Each&nbsp;<strong>in-person session<\/strong>&nbsp;will be billed at a rate of&nbsp;<strong>$180\/session<\/strong>.&nbsp;(Note that a flat travel rate of $30 is already included in the fees.)<\/p>\n\n\n\n<p>Each&nbsp;<strong>virtual session<\/strong>&nbsp;will be billed at a rate of&nbsp;<strong>$150\/session<\/strong>.<\/p>\n\n\n\n<p>*Sessions are&nbsp;<strong>60 minutes<\/strong>, with the last 10 minutes of the session devoted to reviewing the session, providing home practice suggestions, answering questions, and administrative discussions (such as scheduling).&nbsp;<\/p>\n\n\n\n<p class=\"has-vivid-cyan-blue-color has-text-color has-link-color wp-elements-7e6e0cbc815108b6deba8a628bc07705\"><strong>C) Travel Rate<\/strong><\/p>\n\n\n\n<p>The flat ($30) travel rate covers areas within Quebec and within a 30-minute commute which generally includes Aylmer, Hull, Chelsea, Wakefield, Masham, Cantley, and parts of Gatineau. A longer commute can be considered with additional fees.<\/p>\n\n\n\n<p>*** Fees are subject to change every year on September 1.<\/p>\n","protected":false},"excerpt":{"rendered":"<p>English below Les services d&#8217;orthophonie commencent g\u00e9n\u00e9ralement par une&nbsp;\u00e9valuation&nbsp;(de 1 \u00e0 4 s\u00e9ances). Le processus d&#8217;\u00e9valuation comprend 1. la collecte d&#8217;informations de base sur les forces et les faiblesses de votre enfant en ce qui concerne la communication dans des situations quotidiennes (par exemple, \u00e0 la maison, \u00e0 la garderie ou \u00e0 l&#8217;\u00e9cole) 2. la [&hellip;]<\/p>\n","protected":false},"author":1,"featured_media":0,"parent":0,"menu_order":0,"comment_status":"closed","ping_status":"closed","template":"","meta":{"footnotes":""},"class_list":["post-42","page","type-page","status-publish","hentry"],"_links":{"self":[{"href":"https:\/\/hollyshaw-slp.ca\/index.php?rest_route=\/wp\/v2\/pages\/42","targetHints":{"allow":["GET"]}}],"collection":[{"href":"https:\/\/hollyshaw-slp.ca\/index.php?rest_route=\/wp\/v2\/pages"}],"about":[{"href":"https:\/\/hollyshaw-slp.ca\/index.php?rest_route=\/wp\/v2\/types\/page"}],"author":[{"embeddable":true,"href":"https:\/\/hollyshaw-slp.ca\/index.php?rest_route=\/wp\/v2\/users\/1"}],"replies":[{"embeddable":true,"href":"https:\/\/hollyshaw-slp.ca\/index.php?rest_route=%2Fwp%2Fv2%2Fcomments&post=42"}],"version-history":[{"count":12,"href":"https:\/\/hollyshaw-slp.ca\/index.php?rest_route=\/wp\/v2\/pages\/42\/revisions"}],"predecessor-version":[{"id":118,"href":"https:\/\/hollyshaw-slp.ca\/index.php?rest_route=\/wp\/v2\/pages\/42\/revisions\/118"}],"wp:attachment":[{"href":"https:\/\/hollyshaw-slp.ca\/index.php?rest_route=%2Fwp%2Fv2%2Fmedia&parent=42"}],"curies":[{"name":"wp","href":"https:\/\/api.w.org\/{rel}","templated":true}]}}