{"id":53,"date":"2024-10-06T20:03:33","date_gmt":"2024-10-06T20:03:33","guid":{"rendered":"https:\/\/hollyshaw-slp.ca\/?page_id=53"},"modified":"2025-06-03T00:43:37","modified_gmt":"2025-06-03T00:43:37","slug":"services","status":"publish","type":"page","link":"https:\/\/hollyshaw-slp.ca\/?page_id=53","title":{"rendered":"Services"},"content":{"rendered":"\n<p>English below<\/p>\n\n\n\n<p class=\"has-vivid-cyan-blue-color has-text-color has-link-color wp-elements-2ce956e0eeca1e3c52ffd4b5d8cead3a\"><strong>Emplacement :<\/strong><\/p>\n\n\n\n<p>Mon cabinet priv\u00e9 offre des services en anglais \u00e0 domicile dans les r\u00e9gions d&#8217;Aylmer, de Hull, de Chelsea, de Wakefield, de Masham, de Cantley et de Gatineau afin de favoriser le d\u00e9veloppement des habilet\u00e9s de communication des enfants dans leur environnement naturel.<\/p>\n\n\n\n<p class=\"has-vivid-cyan-blue-color has-text-color has-link-color wp-elements-6dbea69438bb5a23e90460ea25c3ddd4\"><strong>Domaines<\/strong>:<\/p>\n\n\n\n<ul class=\"wp-block-list\">\n<li>trouble du d\u00e9veloppement des sons de la parole tels que l\u2019apraxie verbale, troubles de l\u2019articulation (y compris le sigmatisme) et troubles phonologiques<\/li>\n\n\n\n<li>troubles\/difficult\u00e9s du langage (du d\u00e9veloppement des pr\u00e9curseurs de la communication au niveau de la conversation)<\/li>\n\n\n\n<li>intervention pr\u00e9coce<\/li>\n\n\n\n<li>b\u00e9gaiement<\/li>\n\n\n\n<li>difficult\u00e9s de communication sociale<\/li>\n\n\n\n<li>difficult\u00e9s \u00e0 apprendre \u00e0 lire et \u00e0 \u00e9crire<\/li>\n<\/ul>\n\n\n\n<p class=\"has-vivid-cyan-blue-color has-text-color has-link-color wp-elements-350c6ec2c31cb27f59f6798e7817684a\"><strong>Approches:<\/strong><\/p>\n\n\n\n<ul class=\"wp-block-list\">\n<li>\u00e9valuation (y compris l&#8217;avis des parents\/tuteurs et des \u00e9ducateurs de la garderie)<\/li>\n\n\n\n<li>rapports \u00e9crits et s\u00e9ances de feedback avec les parents\/tuteurs<\/li>\n\n\n\n<li>plans d&#8217;intervention personnalis\u00e9s<\/li>\n\n\n\n<li>objectifs th\u00e9rapeutiques int\u00e9gr\u00e9s dans les activit\u00e9s quotidiennes de votre enfant et objectifs mis \u00e0 jour quand n\u00e9cessaire<\/li>\n\n\n\n<li>programmes \u00e0 domicile et formation des proches<\/li>\n\n\n\n<li>consultations avec les \u00e9ducateurs de la garderie et d&#8217;autres membres du r\u00e9seau de soutien de l&#8217;enfant.<\/li>\n<\/ul>\n\n\n\n<p>&#8212;&#8212;&#8212;&#8212;&#8212;&#8212;&#8212;&#8212;&#8212;&#8212;&#8212;&#8212;&#8212;&#8212;&#8212;&#8212;&#8212;&#8212;<\/p>\n\n\n\n<p class=\"has-vivid-cyan-blue-color has-text-color has-link-color wp-elements-49240294d6dbb4830137130656bf0b89\"><strong>Location:<\/strong><\/p>\n\n\n\n<p>My private practice offers convenient home-based English services in the Aylmer, Hull, Chelsea, Wakefield, Masham, Cantley and Gatineau areas to foster the development of children&#8217;s communication skills in their natural environment.<\/p>\n\n\n\n<p class=\"has-vivid-cyan-blue-color has-text-color has-link-color wp-elements-0286261ebdfc9c79355306e3851ca509\"><strong>Areas<\/strong>:<\/p>\n\n\n\n<p>\u2022 motor speech disorders such as childhood apraxia of speech (holding PROMPT level Certification), articulation difficulties (including lisps), and phonological disorders<br>\u2022 language disorders\/difficulties (from communication precursor development to conversation level)<br>\u2022 early intervention<br>\u2022 stuttering<br>\u2022 social communication difficulties<br>\u2022 early literacy challenges<\/p>\n\n\n\n<p class=\"has-vivid-cyan-blue-color has-text-color has-link-color wp-elements-c32db6639477d052bcb6b0eeb39748f1\"><strong>Approaches<\/strong>:<\/p>\n\n\n\n<p>\u2022 assessment (including insight from caregivers and daycare educators)<br>\u2022 written reports and caregiver feedback sessions<br>\u2022 personalized intervention plans<br>\u2022 therapy goals implemented into your child&#8217;s daily life activities and objectives updated as needed<br>\u2022 home programs and caregiver training<br>\u2022 consults to daycare educators and other members of the child&#8217;s support network<\/p>\n\n\n\n<p><\/p>\n\n\n\n<p><\/p>\n\n\n\n<p><\/p>\n","protected":false},"excerpt":{"rendered":"<p>English below Emplacement : Mon cabinet priv\u00e9 offre des services en anglais \u00e0 domicile dans les r\u00e9gions d&#8217;Aylmer, de Hull, de Chelsea, de Wakefield, de Masham, de Cantley et de Gatineau afin de favoriser le d\u00e9veloppement des habilet\u00e9s de communication des enfants dans leur environnement naturel. Domaines: Approches: &#8212;&#8212;&#8212;&#8212;&#8212;&#8212;&#8212;&#8212;&#8212;&#8212;&#8212;&#8212;&#8212;&#8212;&#8212;&#8212;&#8212;&#8212; Location: My private practice offers convenient [&hellip;]<\/p>\n","protected":false},"author":1,"featured_media":0,"parent":0,"menu_order":0,"comment_status":"closed","ping_status":"closed","template":"","meta":{"footnotes":""},"class_list":["post-53","page","type-page","status-publish","hentry"],"_links":{"self":[{"href":"https:\/\/hollyshaw-slp.ca\/index.php?rest_route=\/wp\/v2\/pages\/53","targetHints":{"allow":["GET"]}}],"collection":[{"href":"https:\/\/hollyshaw-slp.ca\/index.php?rest_route=\/wp\/v2\/pages"}],"about":[{"href":"https:\/\/hollyshaw-slp.ca\/index.php?rest_route=\/wp\/v2\/types\/page"}],"author":[{"embeddable":true,"href":"https:\/\/hollyshaw-slp.ca\/index.php?rest_route=\/wp\/v2\/users\/1"}],"replies":[{"embeddable":true,"href":"https:\/\/hollyshaw-slp.ca\/index.php?rest_route=%2Fwp%2Fv2%2Fcomments&post=53"}],"version-history":[{"count":13,"href":"https:\/\/hollyshaw-slp.ca\/index.php?rest_route=\/wp\/v2\/pages\/53\/revisions"}],"predecessor-version":[{"id":116,"href":"https:\/\/hollyshaw-slp.ca\/index.php?rest_route=\/wp\/v2\/pages\/53\/revisions\/116"}],"wp:attachment":[{"href":"https:\/\/hollyshaw-slp.ca\/index.php?rest_route=%2Fwp%2Fv2%2Fmedia&parent=53"}],"curies":[{"name":"wp","href":"https:\/\/api.w.org\/{rel}","templated":true}]}}